{"id":8961,"date":"2023-01-31T18:12:38","date_gmt":"2023-01-31T17:12:38","guid":{"rendered":"https:\/\/lmhouse.lu\/?page_id=8961"},"modified":"2026-01-13T14:20:40","modified_gmt":"2026-01-13T12:20:40","slug":"contact","status":"publish","type":"page","link":"https:\/\/lmhouse.lu\/fr\/contact\/","title":{"rendered":"Contact"},"content":{"rendered":"\t\t<div data-elementor-type=\"wp-post\" data-elementor-id=\"8961\" class=\"elementor elementor-8961\" data-elementor-post-type=\"page\">\n\t\t\t\t\t\t<section class=\"elementor-section elementor-top-section elementor-element elementor-element-82e1592 elementor-section-boxed elementor-section-height-default elementor-section-height-default\" data-id=\"82e1592\" data-element_type=\"section\" data-e-type=\"section\">\n\t\t\t\t\t\t<div class=\"elementor-container elementor-column-gap-default\">\n\t\t\t\t\t<div class=\"elementor-column elementor-col-100 elementor-top-column elementor-element elementor-element-1d7a22b\" data-id=\"1d7a22b\" data-element_type=\"column\" data-e-type=\"column\">\n\t\t\t<div class=\"elementor-widget-wrap elementor-element-populated\">\n\t\t\t\t\t\t<div class=\"elementor-element elementor-element-85c0912 elementor-widget elementor-widget-heading\" data-id=\"85c0912\" data-element_type=\"widget\" data-e-type=\"widget\" data-widget_type=\"heading.default\">\n\t\t\t\t<div class=\"elementor-widget-container\">\n\t\t\t\t\t<h2 class=\"elementor-heading-title elementor-size-default\">Contact<\/h2>\t\t\t\t<\/div>\n\t\t\t\t<\/div>\n\t\t\t\t\t<\/div>\n\t\t<\/div>\n\t\t\t\t\t<\/div>\n\t\t<\/section>\n\t\t\t\t<section class=\"elementor-section elementor-top-section elementor-element elementor-element-384090c elementor-section-boxed elementor-section-height-default elementor-section-height-default\" data-id=\"384090c\" data-element_type=\"section\" data-e-type=\"section\" data-settings=\"{&quot;background_background&quot;:&quot;classic&quot;}\">\n\t\t\t\t\t\t<div class=\"elementor-container elementor-column-gap-default\">\n\t\t\t\t\t<div class=\"elementor-column elementor-col-50 elementor-top-column elementor-element elementor-element-dac7c8b\" data-id=\"dac7c8b\" data-element_type=\"column\" data-e-type=\"column\">\n\t\t\t<div class=\"elementor-widget-wrap elementor-element-populated\">\n\t\t\t\t\t\t<div class=\"elementor-element elementor-element-0d8f9dd elementor-widget elementor-widget-image\" data-id=\"0d8f9dd\" data-element_type=\"widget\" data-e-type=\"widget\" data-widget_type=\"image.default\">\n\t\t\t\t<div class=\"elementor-widget-container\">\n\t\t\t\t\t\t\t\t\t\t\t\t\t\t\t<img fetchpriority=\"high\" decoding=\"async\" width=\"200\" height=\"300\" src=\"https:\/\/lmhouse.lu\/wp-content\/uploads\/2026\/01\/LM2026-200x300.jpeg\" class=\"attachment-medium size-medium wp-image-10267\" alt=\"\" srcset=\"https:\/\/lmhouse.lu\/wp-content\/uploads\/2026\/01\/LM2026-200x300.jpeg 200w, https:\/\/lmhouse.lu\/wp-content\/uploads\/2026\/01\/LM2026-682x1024.jpeg 682w, https:\/\/lmhouse.lu\/wp-content\/uploads\/2026\/01\/LM2026-768x1153.jpeg 768w, https:\/\/lmhouse.lu\/wp-content\/uploads\/2026\/01\/LM2026-1023x1536.jpeg 1023w, https:\/\/lmhouse.lu\/wp-content\/uploads\/2026\/01\/LM2026-8x12.jpeg 8w, https:\/\/lmhouse.lu\/wp-content\/uploads\/2026\/01\/LM2026-100x150.jpeg 100w, https:\/\/lmhouse.lu\/wp-content\/uploads\/2026\/01\/LM2026.jpeg 1066w\" sizes=\"(max-width: 200px) 100vw, 200px\" \/>\t\t\t\t\t\t\t\t\t\t\t\t\t\t\t<\/div>\n\t\t\t\t<\/div>\n\t\t\t\t\t<\/div>\n\t\t<\/div>\n\t\t\t\t<div class=\"elementor-column elementor-col-50 elementor-top-column elementor-element elementor-element-4e2db73\" data-id=\"4e2db73\" data-element_type=\"column\" data-e-type=\"column\">\n\t\t\t<div class=\"elementor-widget-wrap elementor-element-populated\">\n\t\t\t\t\t\t<div class=\"elementor-element elementor-element-fdf48b7 elementor-widget elementor-widget-text-editor\" data-id=\"fdf48b7\" data-element_type=\"widget\" data-e-type=\"widget\" data-widget_type=\"text-editor.default\">\n\t\t\t\t<div class=\"elementor-widget-container\">\n\t\t\t\t\t\t\t\t\t<p><b>Name<\/b><br \/>Leonel Mendes<br \/>Real Estate Agent<\/p><p><span style=\"color: var(--rh-global-color-text);\"><b>Phone<\/b><\/span><\/p><p><a href=\"tel: +352621145659\">+352 621 14 56 59<\/a><\/p><p><b>Email<\/b><br \/><a href=\"mailto: info@lmhouse.lu\">info@lmhouse.lu<\/a><\/p><p><b>Address<\/b><br \/><a href=\"https:\/\/www.google.com\/maps\/place\/35+Rue+J-F+Kennedy,+7327+Steinsel,+Luxemburgo\/@49.6710847,6.1224581,17z\/data=!3m1!4b1!4m5!3m4!1s0x47954e486a2594db:0xde53fcfed74b17b4!8m2!3d49.6710812!4d6.1246521\" target=\"_blank\" rel=\"noopener\">35, J.F. Kennedy<br \/>L-7327 Steinsel<\/a><\/p>\t\t\t\t\t\t\t\t<\/div>\n\t\t\t\t<\/div>\n\t\t\t\t\t<\/div>\n\t\t<\/div>\n\t\t\t\t\t<\/div>\n\t\t<\/section>\n\t\t\t\t<section class=\"elementor-section elementor-top-section elementor-element elementor-element-4bfecc3 elementor-section-boxed elementor-section-height-default elementor-section-height-default\" data-id=\"4bfecc3\" data-element_type=\"section\" data-e-type=\"section\" data-settings=\"{&quot;background_background&quot;:&quot;classic&quot;}\">\n\t\t\t\t\t\t<div class=\"elementor-container elementor-column-gap-default\">\n\t\t\t\t\t<div class=\"elementor-column elementor-col-100 elementor-top-column elementor-element elementor-element-d8fbfa7\" data-id=\"d8fbfa7\" data-element_type=\"column\" data-e-type=\"column\">\n\t\t\t<div class=\"elementor-widget-wrap elementor-element-populated\">\n\t\t\t\t\t\t<section class=\"elementor-section elementor-inner-section elementor-element elementor-element-06c7152 elementor-section-boxed elementor-section-height-default elementor-section-height-default\" data-id=\"06c7152\" data-element_type=\"section\" data-e-type=\"section\">\n\t\t\t\t\t\t<div class=\"elementor-container elementor-column-gap-default\">\n\t\t\t\t\t<div class=\"elementor-column elementor-col-100 elementor-inner-column elementor-element elementor-element-d9b1e5b\" data-id=\"d9b1e5b\" data-element_type=\"column\" data-e-type=\"column\">\n\t\t\t<div class=\"elementor-widget-wrap elementor-element-populated\">\n\t\t\t\t\t\t<div class=\"elementor-element elementor-element-a78c5a0 elementor-widget elementor-widget-shortcode\" data-id=\"a78c5a0\" data-element_type=\"widget\" data-e-type=\"widget\" data-widget_type=\"shortcode.default\">\n\t\t\t\t<div class=\"elementor-widget-container\">\n\t\t\t\t\t\t\t<div class=\"elementor-shortcode\"><div class=\"wpforms-container wpforms-container-full\" id=\"wpforms-9348\"><form id=\"wpforms-form-9348\" class=\"wpforms-validate wpforms-form wpforms-ajax-form\" data-formid=\"9348\" method=\"post\" enctype=\"multipart\/form-data\" action=\"\/fr\/wp-json\/wp\/v2\/pages\/8961\" data-token=\"3b2b33f44bdd3ca15dec0d3bd93ba3d9\" data-token-time=\"1778591281\"><noscript class=\"wpforms-error-noscript\">Veuillez activer JavaScript dans votre navigateur pour remplir ce formulaire.<\/noscript><div class=\"wpforms-field-container\"><div id=\"wpforms-9348-field_0-container\" class=\"wpforms-field wpforms-field-name\" data-field-id=\"0\"><label class=\"wpforms-field-label\" for=\"wpforms-9348-field_0\">Name <span class=\"wpforms-required-label\">*<\/span><\/label><input type=\"text\" id=\"wpforms-9348-field_0\" class=\"wpforms-field-medium wpforms-field-required\" name=\"wpforms[fields][0]\" required><\/div><div id=\"wpforms-9348-field_1-container\" class=\"wpforms-field wpforms-field-email\" data-field-id=\"1\"><label class=\"wpforms-field-label\" for=\"wpforms-9348-field_1\">Email <span class=\"wpforms-required-label\">*<\/span><\/label><input type=\"email\" id=\"wpforms-9348-field_1\" class=\"wpforms-field-medium wpforms-field-required\" name=\"wpforms[fields][1]\" spellcheck=\"false\" required><\/div><div id=\"wpforms-9348-field_8-container\" class=\"wpforms-field wpforms-field-text\" data-field-id=\"8\"><label class=\"wpforms-field-label\" for=\"wpforms-9348-field_8\">Phone<\/label><input type=\"text\" id=\"wpforms-9348-field_8\" class=\"wpforms-field-medium\" name=\"wpforms[fields][8]\" ><\/div><div id=\"wpforms-9348-field_2-container\" class=\"wpforms-field wpforms-field-textarea\" data-field-id=\"2\"><label class=\"wpforms-field-label\" for=\"wpforms-9348-field_2\">Message <span class=\"wpforms-required-label\">*<\/span><\/label><textarea id=\"wpforms-9348-field_2\" class=\"wpforms-field-medium wpforms-field-required\" name=\"wpforms[fields][2]\" required><\/textarea><\/div><div id=\"wpforms-9348-field_5-container\" class=\"wpforms-field wpforms-field-checkbox\" data-field-id=\"5\"><label class=\"wpforms-field-label\">Accord RGPG <span class=\"wpforms-required-label\">*<\/span><\/label><ul id=\"wpforms-9348-field_5\" class=\"wpforms-field-required\"><li class=\"choice-1 depth-1\"><input type=\"checkbox\" id=\"wpforms-9348-field_5_1\" name=\"wpforms[fields][5][]\" value=\"Je consens \u00e0 ce que ce site Web stocke les informations que j&#039;ai fournies conform\u00e9ment \u00e0 la Politique de Confidentialit\u00e9.\" required ><label class=\"wpforms-field-label-inline\" for=\"wpforms-9348-field_5_1\">Je consens \u00e0 ce que ce site Web stocke les informations que j'ai fournies conform\u00e9ment \u00e0 la Politique de Confidentialit\u00e9.<\/label><\/li><\/ul><\/div><\/div><!-- .wpforms-field-container --><div class=\"wpforms-recaptcha-container wpforms-is-recaptcha wpforms-is-recaptcha-type-v3\" ><input type=\"hidden\" name=\"wpforms[recaptcha]\" value=\"\"><\/div><div class=\"wpforms-submit-container\" ><input type=\"hidden\" name=\"wpforms[id]\" value=\"9348\"><input type=\"hidden\" name=\"page_title\" value=\"\"><input type=\"hidden\" name=\"page_url\" value=\"https:\/\/lmhouse.lu\/fr\/wp-json\/wp\/v2\/pages\/8961\"><input type=\"hidden\" name=\"url_referer\" value=\"\"><button type=\"submit\" name=\"wpforms[submit]\" id=\"wpforms-submit-9348\" class=\"wpforms-submit\" data-alt-text=\"Sending...\" data-submit-text=\"Submit\" aria-live=\"assertive\" value=\"wpforms-submit\">Submit<\/button><img decoding=\"async\" src=\"https:\/\/lmhouse.lu\/wp-content\/plugins\/wpforms-lite\/assets\/images\/submit-spin.svg\" class=\"wpforms-submit-spinner\" style=\"display: none;\" width=\"26\" height=\"26\" alt=\"Chargement en cours\"><\/div><input type=\"hidden\" id=\"ct_checkjs_wpforms_2b24d495052a8ce66358eb576b8912c8\" name=\"ct_checkjs_wpforms\" value=\"0\" \/><script>setTimeout(function(){var ct_input_name = \"ct_checkjs_wpforms_2b24d495052a8ce66358eb576b8912c8\";if (document.getElementById(ct_input_name) !== null) {var ct_input_value = document.getElementById(ct_input_name).value;document.getElementById(ct_input_name).value = document.getElementById(ct_input_name).value.replace(ct_input_value, 'a0a8c79ea09db863f54d472d4ad71658f01654a21e22f9f39338e2f37e414115');}}, 1000);<\/script><input\n                    class=\"apbct_special_field apbct_email_id__wp_wpforms\"\n                    name=\"apbct__email_id__wp_wpforms\"\n                    aria-label=\"apbct__label_id__wp_wpforms\"\n                    type=\"text\" size=\"30\" maxlength=\"200\" autocomplete=\"off\"\n                    value=\"\"\n                \/><\/form><\/div>  <!-- .wpforms-container --><\/div>\n\t\t\t\t\t\t<\/div>\n\t\t\t\t<\/div>\n\t\t\t\t<div class=\"elementor-element elementor-element-51354b4 elementor-widget elementor-widget-text-editor\" data-id=\"51354b4\" data-element_type=\"widget\" data-e-type=\"widget\" data-widget_type=\"text-editor.default\">\n\t\t\t\t<div class=\"elementor-widget-container\">\n\t\t\t\t\t\t\t\t\t<p><a href=\"https:\/\/www.lmhouse.lu\/privacy-policy\" target=\"_blank\" rel=\"noopener\">Privacy Policy<\/a><\/p>\t\t\t\t\t\t\t\t<\/div>\n\t\t\t\t<\/div>\n\t\t\t\t\t<\/div>\n\t\t<\/div>\n\t\t\t\t\t<\/div>\n\t\t<\/section>\n\t\t\t\t\t<\/div>\n\t\t<\/div>\n\t\t\t\t\t<\/div>\n\t\t<\/section>\n\t\t\t\t<section class=\"elementor-section elementor-top-section elementor-element elementor-element-3e26dd7 elementor-section-full_width elementor-section-height-min-height elementor-hidden-mobile elementor-section-height-default elementor-section-items-middle\" data-id=\"3e26dd7\" data-element_type=\"section\" data-e-type=\"section\" data-settings=\"{&quot;background_background&quot;:&quot;classic&quot;}\">\n\t\t\t\t\t\t<div class=\"elementor-container elementor-column-gap-default\">\n\t\t\t\t\t<div class=\"elementor-column elementor-col-100 elementor-top-column elementor-element elementor-element-8713849\" data-id=\"8713849\" data-element_type=\"column\" data-e-type=\"column\">\n\t\t\t<div class=\"elementor-widget-wrap elementor-element-populated\">\n\t\t\t\t\t\t<div class=\"elementor-element elementor-element-9201c65 elementor-widget elementor-widget-google_maps\" data-id=\"9201c65\" data-element_type=\"widget\" data-e-type=\"widget\" data-widget_type=\"google_maps.default\">\n\t\t\t\t<div class=\"elementor-widget-container\">\n\t\t\t\t\t\t\t<div class=\"elementor-custom-embed\">\n\t\t\t<iframe loading=\"lazy\"\n\t\t\t\t\tsrc=\"https:\/\/maps.google.com\/maps?q=35%2C%20J.F.%20Kennedy%20L-7327%20Steinsel&#038;t=m&#038;z=15&#038;output=embed&#038;iwloc=near\"\n\t\t\t\t\ttitle=\"35, J.F. Kennedy L-7327 Steinsel\"\n\t\t\t\t\taria-label=\"35, J.F. Kennedy L-7327 Steinsel\"\n\t\t\t><\/iframe>\n\t\t<\/div>\n\t\t\t\t\t\t<\/div>\n\t\t\t\t<\/div>\n\t\t\t\t\t<\/div>\n\t\t<\/div>\n\t\t\t\t\t<\/div>\n\t\t<\/section>\n\t\t\t\t<section class=\"elementor-section elementor-top-section elementor-element elementor-element-14155ed elementor-section-full_width elementor-section-height-min-height elementor-hidden-desktop elementor-hidden-tablet elementor-section-height-default elementor-section-items-middle\" data-id=\"14155ed\" data-element_type=\"section\" data-e-type=\"section\" data-settings=\"{&quot;background_background&quot;:&quot;classic&quot;}\">\n\t\t\t\t\t\t<div class=\"elementor-container elementor-column-gap-no\">\n\t\t\t\t\t<div class=\"elementor-column elementor-col-100 elementor-top-column elementor-element elementor-element-3effd6d\" data-id=\"3effd6d\" data-element_type=\"column\" data-e-type=\"column\">\n\t\t\t<div class=\"elementor-widget-wrap elementor-element-populated\">\n\t\t\t\t\t\t<div class=\"elementor-element elementor-element-2908640 elementor-widget elementor-widget-google_maps\" data-id=\"2908640\" data-element_type=\"widget\" data-e-type=\"widget\" data-widget_type=\"google_maps.default\">\n\t\t\t\t<div class=\"elementor-widget-container\">\n\t\t\t\t\t\t\t<div class=\"elementor-custom-embed\">\n\t\t\t<iframe loading=\"lazy\"\n\t\t\t\t\tsrc=\"https:\/\/maps.google.com\/maps?q=35%2C%20J.F.%20Kennedy%20L-7327%20Steinsel&#038;t=m&#038;z=15&#038;output=embed&#038;iwloc=near\"\n\t\t\t\t\ttitle=\"35, J.F. Kennedy L-7327 Steinsel\"\n\t\t\t\t\taria-label=\"35, J.F. Kennedy L-7327 Steinsel\"\n\t\t\t><\/iframe>\n\t\t<\/div>\n\t\t\t\t\t\t<\/div>\n\t\t\t\t<\/div>\n\t\t\t\t\t<\/div>\n\t\t<\/div>\n\t\t\t\t\t<\/div>\n\t\t<\/section>\n\t\t\t\t<\/div>\n\t\t","protected":false},"excerpt":{"rendered":"<p>Nom de contactLeonel Mendes Agent immobilier T\u00e9l\u00e9phone +352 621 14 56 59 Emailinfo@lmhouse.lu Adresse35, J.F. KennedyL-7327 Steinsel Politique de confidentialit\u00e9<\/p>","protected":false},"author":2,"featured_media":0,"parent":0,"menu_order":7,"comment_status":"open","ping_status":"closed","template":"templates\/home.php","meta":{"footnotes":""},"class_list":["post-8961","page","type-page","status-publish","hentry"],"yoast_head":"<!-- This site is optimized with the Yoast SEO plugin v27.6 - https:\/\/yoast.com\/product\/yoast-seo-wordpress\/ -->\n<title>Contact - LM House Immo<\/title>\n<meta name=\"robots\" content=\"index, follow, max-snippet:-1, max-image-preview:large, max-video-preview:-1\" \/>\n<link rel=\"canonical\" href=\"https:\/\/lmhouse.lu\/fr\/contact\/\" \/>\n<meta property=\"og:locale\" content=\"fr_FR\" \/>\n<meta property=\"og:type\" content=\"article\" \/>\n<meta property=\"og:title\" content=\"Contact - LM House Immo\" \/>\n<meta property=\"og:description\" content=\"Contact NameLeonel MendesReal Estate Agent Phone +352 621 14 56 59 Emailinfo@lmhouse.lu Address35, J.F. KennedyL-7327 Steinsel Privacy Policy\" \/>\n<meta property=\"og:url\" content=\"https:\/\/lmhouse.lu\/fr\/contact\/\" \/>\n<meta property=\"og:site_name\" content=\"LM House Immo\" \/>\n<meta property=\"article:publisher\" content=\"https:\/\/www.facebook.com\/lmhouse.lu\" \/>\n<meta property=\"article:modified_time\" content=\"2026-01-13T12:20:40+00:00\" \/>\n<meta property=\"og:image\" content=\"https:\/\/lmhouse.lu\/wp-content\/uploads\/2026\/01\/LM2026.jpeg\" \/>\n\t<meta property=\"og:image:width\" content=\"1066\" \/>\n\t<meta property=\"og:image:height\" content=\"1600\" \/>\n\t<meta property=\"og:image:type\" content=\"image\/jpeg\" \/>\n<meta name=\"twitter:card\" content=\"summary_large_image\" \/>\n<meta name=\"twitter:label1\" content=\"Dur\u00e9e de lecture estim\u00e9e\" \/>\n\t<meta name=\"twitter:data1\" content=\"1 minute\" \/>\n<script type=\"application\/ld+json\" class=\"yoast-schema-graph\">{\"@context\":\"https:\\\/\\\/schema.org\",\"@graph\":[{\"@type\":\"WebPage\",\"@id\":\"https:\\\/\\\/lmhouse.lu\\\/fr\\\/contact\\\/\",\"url\":\"https:\\\/\\\/lmhouse.lu\\\/fr\\\/contact\\\/\",\"name\":\"Contact - LM House Immo\",\"isPartOf\":{\"@id\":\"https:\\\/\\\/lmhouse.lu\\\/#website\"},\"primaryImageOfPage\":{\"@id\":\"https:\\\/\\\/lmhouse.lu\\\/fr\\\/contact\\\/#primaryimage\"},\"image\":{\"@id\":\"https:\\\/\\\/lmhouse.lu\\\/fr\\\/contact\\\/#primaryimage\"},\"thumbnailUrl\":\"https:\\\/\\\/lmhouse.lu\\\/wp-content\\\/uploads\\\/2026\\\/01\\\/LM2026-200x300.jpeg\",\"datePublished\":\"2023-01-31T17:12:38+00:00\",\"dateModified\":\"2026-01-13T12:20:40+00:00\",\"breadcrumb\":{\"@id\":\"https:\\\/\\\/lmhouse.lu\\\/fr\\\/contact\\\/#breadcrumb\"},\"inLanguage\":\"fr-FR\",\"potentialAction\":[{\"@type\":\"ReadAction\",\"target\":[\"https:\\\/\\\/lmhouse.lu\\\/fr\\\/contact\\\/\"]}]},{\"@type\":\"ImageObject\",\"inLanguage\":\"fr-FR\",\"@id\":\"https:\\\/\\\/lmhouse.lu\\\/fr\\\/contact\\\/#primaryimage\",\"url\":\"https:\\\/\\\/lmhouse.lu\\\/wp-content\\\/uploads\\\/2026\\\/01\\\/LM2026-200x300.jpeg\",\"contentUrl\":\"https:\\\/\\\/lmhouse.lu\\\/wp-content\\\/uploads\\\/2026\\\/01\\\/LM2026-200x300.jpeg\"},{\"@type\":\"BreadcrumbList\",\"@id\":\"https:\\\/\\\/lmhouse.lu\\\/fr\\\/contact\\\/#breadcrumb\",\"itemListElement\":[{\"@type\":\"ListItem\",\"position\":1,\"name\":\"Home\",\"item\":\"https:\\\/\\\/lmhouse.lu\\\/fr\\\/\"},{\"@type\":\"ListItem\",\"position\":2,\"name\":\"Contact\"}]},{\"@type\":\"WebSite\",\"@id\":\"https:\\\/\\\/lmhouse.lu\\\/#website\",\"url\":\"https:\\\/\\\/lmhouse.lu\\\/\",\"name\":\"LM House Immo\",\"description\":\"Vente | Achat | Location\",\"publisher\":{\"@id\":\"https:\\\/\\\/lmhouse.lu\\\/#organization\"},\"alternateName\":\"LM House Sarl\",\"potentialAction\":[{\"@type\":\"SearchAction\",\"target\":{\"@type\":\"EntryPoint\",\"urlTemplate\":\"https:\\\/\\\/lmhouse.lu\\\/?s={search_term_string}\"},\"query-input\":{\"@type\":\"PropertyValueSpecification\",\"valueRequired\":true,\"valueName\":\"search_term_string\"}}],\"inLanguage\":\"fr-FR\"},{\"@type\":\"Organization\",\"@id\":\"https:\\\/\\\/lmhouse.lu\\\/#organization\",\"name\":\"LM House Sarl\",\"alternateName\":\"LM House Immo\",\"url\":\"https:\\\/\\\/lmhouse.lu\\\/\",\"logo\":{\"@type\":\"ImageObject\",\"inLanguage\":\"fr-FR\",\"@id\":\"https:\\\/\\\/lmhouse.lu\\\/#\\\/schema\\\/logo\\\/image\\\/\",\"url\":\"https:\\\/\\\/lmhouse.lu\\\/wp-content\\\/uploads\\\/2020\\\/02\\\/IALP-LM-HOUSE-LOGO-1000PX-150123-V1.jpg\",\"contentUrl\":\"https:\\\/\\\/lmhouse.lu\\\/wp-content\\\/uploads\\\/2020\\\/02\\\/IALP-LM-HOUSE-LOGO-1000PX-150123-V1.jpg\",\"width\":1000,\"height\":1000,\"caption\":\"LM House Sarl\"},\"image\":{\"@id\":\"https:\\\/\\\/lmhouse.lu\\\/#\\\/schema\\\/logo\\\/image\\\/\"},\"sameAs\":[\"https:\\\/\\\/www.facebook.com\\\/lmhouse.lu\",\"https:\\\/\\\/www.instagram.com\\\/lmhouse.lu\"]}]}<\/script>\n<!-- \/ Yoast SEO plugin. -->","yoast_head_json":{"title":"Contact - LM House Immo","robots":{"index":"index","follow":"follow","max-snippet":"max-snippet:-1","max-image-preview":"max-image-preview:large","max-video-preview":"max-video-preview:-1"},"canonical":"https:\/\/lmhouse.lu\/fr\/contact\/","og_locale":"fr_FR","og_type":"article","og_title":"Contact - LM House Immo","og_description":"Contact NameLeonel MendesReal Estate Agent Phone +352 621 14 56 59 Emailinfo@lmhouse.lu Address35, J.F. KennedyL-7327 Steinsel Privacy Policy","og_url":"https:\/\/lmhouse.lu\/fr\/contact\/","og_site_name":"LM House Immo","article_publisher":"https:\/\/www.facebook.com\/lmhouse.lu","article_modified_time":"2026-01-13T12:20:40+00:00","og_image":[{"width":1066,"height":1600,"url":"https:\/\/lmhouse.lu\/wp-content\/uploads\/2026\/01\/LM2026.jpeg","type":"image\/jpeg"}],"twitter_card":"summary_large_image","twitter_misc":{"Dur\u00e9e de lecture estim\u00e9e":"1 minute"},"schema":{"@context":"https:\/\/schema.org","@graph":[{"@type":"WebPage","@id":"https:\/\/lmhouse.lu\/fr\/contact\/","url":"https:\/\/lmhouse.lu\/fr\/contact\/","name":"Contact - LM House Immo","isPartOf":{"@id":"https:\/\/lmhouse.lu\/#website"},"primaryImageOfPage":{"@id":"https:\/\/lmhouse.lu\/fr\/contact\/#primaryimage"},"image":{"@id":"https:\/\/lmhouse.lu\/fr\/contact\/#primaryimage"},"thumbnailUrl":"https:\/\/lmhouse.lu\/wp-content\/uploads\/2026\/01\/LM2026-200x300.jpeg","datePublished":"2023-01-31T17:12:38+00:00","dateModified":"2026-01-13T12:20:40+00:00","breadcrumb":{"@id":"https:\/\/lmhouse.lu\/fr\/contact\/#breadcrumb"},"inLanguage":"fr-FR","potentialAction":[{"@type":"ReadAction","target":["https:\/\/lmhouse.lu\/fr\/contact\/"]}]},{"@type":"ImageObject","inLanguage":"fr-FR","@id":"https:\/\/lmhouse.lu\/fr\/contact\/#primaryimage","url":"https:\/\/lmhouse.lu\/wp-content\/uploads\/2026\/01\/LM2026-200x300.jpeg","contentUrl":"https:\/\/lmhouse.lu\/wp-content\/uploads\/2026\/01\/LM2026-200x300.jpeg"},{"@type":"BreadcrumbList","@id":"https:\/\/lmhouse.lu\/fr\/contact\/#breadcrumb","itemListElement":[{"@type":"ListItem","position":1,"name":"Home","item":"https:\/\/lmhouse.lu\/fr\/"},{"@type":"ListItem","position":2,"name":"Contact"}]},{"@type":"WebSite","@id":"https:\/\/lmhouse.lu\/#website","url":"https:\/\/lmhouse.lu\/","name":"LM House Immo","description":"Vente | Achat | Location","publisher":{"@id":"https:\/\/lmhouse.lu\/#organization"},"alternateName":"LM House Sarl","potentialAction":[{"@type":"SearchAction","target":{"@type":"EntryPoint","urlTemplate":"https:\/\/lmhouse.lu\/?s={search_term_string}"},"query-input":{"@type":"PropertyValueSpecification","valueRequired":true,"valueName":"search_term_string"}}],"inLanguage":"fr-FR"},{"@type":"Organization","@id":"https:\/\/lmhouse.lu\/#organization","name":"LM House Sarl","alternateName":"LM House Immo","url":"https:\/\/lmhouse.lu\/","logo":{"@type":"ImageObject","inLanguage":"fr-FR","@id":"https:\/\/lmhouse.lu\/#\/schema\/logo\/image\/","url":"https:\/\/lmhouse.lu\/wp-content\/uploads\/2020\/02\/IALP-LM-HOUSE-LOGO-1000PX-150123-V1.jpg","contentUrl":"https:\/\/lmhouse.lu\/wp-content\/uploads\/2020\/02\/IALP-LM-HOUSE-LOGO-1000PX-150123-V1.jpg","width":1000,"height":1000,"caption":"LM House Sarl"},"image":{"@id":"https:\/\/lmhouse.lu\/#\/schema\/logo\/image\/"},"sameAs":["https:\/\/www.facebook.com\/lmhouse.lu","https:\/\/www.instagram.com\/lmhouse.lu"]}]}},"_links":{"self":[{"href":"https:\/\/lmhouse.lu\/fr\/wp-json\/wp\/v2\/pages\/8961","targetHints":{"allow":["GET"]}}],"collection":[{"href":"https:\/\/lmhouse.lu\/fr\/wp-json\/wp\/v2\/pages"}],"about":[{"href":"https:\/\/lmhouse.lu\/fr\/wp-json\/wp\/v2\/types\/page"}],"author":[{"embeddable":true,"href":"https:\/\/lmhouse.lu\/fr\/wp-json\/wp\/v2\/users\/2"}],"replies":[{"embeddable":true,"href":"https:\/\/lmhouse.lu\/fr\/wp-json\/wp\/v2\/comments?post=8961"}],"version-history":[{"count":52,"href":"https:\/\/lmhouse.lu\/fr\/wp-json\/wp\/v2\/pages\/8961\/revisions"}],"predecessor-version":[{"id":10270,"href":"https:\/\/lmhouse.lu\/fr\/wp-json\/wp\/v2\/pages\/8961\/revisions\/10270"}],"wp:attachment":[{"href":"https:\/\/lmhouse.lu\/fr\/wp-json\/wp\/v2\/media?parent=8961"}],"curies":[{"name":"wp","href":"https:\/\/api.w.org\/{rel}","templated":true}]}}