{"id":7736,"date":"2023-01-16T14:56:42","date_gmt":"2023-01-16T13:56:42","guid":{"rendered":"https:\/\/lmhouse.lu\/?page_id=7736"},"modified":"2023-02-18T12:47:56","modified_gmt":"2023-02-18T11:47:56","slug":"estimation","status":"publish","type":"page","link":"https:\/\/lmhouse.lu\/fr\/estimation\/","title":{"rendered":"Estimation"},"content":{"rendered":"\t\t<div data-elementor-type=\"wp-post\" data-elementor-id=\"7736\" class=\"elementor elementor-7736\" data-elementor-post-type=\"page\">\n\t\t\t\t\t\t<section class=\"elementor-section elementor-top-section elementor-element elementor-element-82e1592 elementor-section-boxed elementor-section-height-default elementor-section-height-default\" data-id=\"82e1592\" data-element_type=\"section\" data-e-type=\"section\">\n\t\t\t\t\t\t<div class=\"elementor-container elementor-column-gap-default\">\n\t\t\t\t\t<div class=\"elementor-column elementor-col-100 elementor-top-column elementor-element elementor-element-1d7a22b\" data-id=\"1d7a22b\" data-element_type=\"column\" data-e-type=\"column\">\n\t\t\t<div class=\"elementor-widget-wrap elementor-element-populated\">\n\t\t\t\t\t\t<div class=\"elementor-element elementor-element-85c0912 elementor-widget elementor-widget-heading\" data-id=\"85c0912\" data-element_type=\"widget\" data-e-type=\"widget\" data-widget_type=\"heading.default\">\n\t\t\t\t<div class=\"elementor-widget-container\">\n\t\t\t\t\t<h2 class=\"elementor-heading-title elementor-size-default\">Estimation<\/h2>\t\t\t\t<\/div>\n\t\t\t\t<\/div>\n\t\t\t\t\t<\/div>\n\t\t<\/div>\n\t\t\t\t\t<\/div>\n\t\t<\/section>\n\t\t\t\t<section class=\"elementor-section elementor-top-section elementor-element elementor-element-a78b87c elementor-section-boxed elementor-section-height-default elementor-section-height-default\" data-id=\"a78b87c\" data-element_type=\"section\" data-e-type=\"section\">\n\t\t\t\t\t\t<div class=\"elementor-container elementor-column-gap-default\">\n\t\t\t\t\t<div class=\"elementor-column elementor-col-100 elementor-top-column elementor-element elementor-element-ee43e67\" data-id=\"ee43e67\" data-element_type=\"column\" data-e-type=\"column\">\n\t\t\t<div class=\"elementor-widget-wrap elementor-element-populated\">\n\t\t\t\t\t\t<div class=\"elementor-element elementor-element-2ed1d63 elementor-widget elementor-widget-text-editor\" data-id=\"2ed1d63\" data-element_type=\"widget\" data-e-type=\"widget\" data-widget_type=\"text-editor.default\">\n\t\t\t\t<div class=\"elementor-widget-container\">\n\t\t\t\t\t\t\t\t\t<p>Vous \u00eates propri\u00e9taire d\u2019un appartement ou d\u2019une maison que vous envisagez de vendre?<\/p><p>Avant de mettre votre bien immobilier sur le march\u00e9, encore faut-il avoir estim\u00e9 son prix \u00e0 sa juste valeur pour s\u2019assurer de maximiser l\u2019op\u00e9ration financi\u00e8re et de garantir une vente dans les meilleurs d\u00e9lais.\u00a0<\/p><p>Or, l\u2019estimation du prix d\u2019un appartement, tout comme celle d\u2019une maison, n\u2019est pas chose ais\u00e9e. Elle suppose de bonnes connaissances immobili\u00e8res et la prise en compte d\u2019un grand nombre de crit\u00e8res.\u00a0<\/p><p>C\u2019est pourquoi, pour vous aider dans votre projet de vente immobili\u00e8re, LM House vous renseigne sur le prix potentiel de votre bien en toute neutralit\u00e9 gr\u00e2ce \u00e0 l\u2019expertise de nos conseillers en architecture et ventes immobili\u00e8res.<\/p>\t\t\t\t\t\t\t\t<\/div>\n\t\t\t\t<\/div>\n\t\t\t\t\t<\/div>\n\t\t<\/div>\n\t\t\t\t\t<\/div>\n\t\t<\/section>\n\t\t\t\t<section class=\"elementor-section elementor-top-section elementor-element elementor-element-88bc77c elementor-section-stretched elementor-section-boxed elementor-section-height-default elementor-section-height-default\" data-id=\"88bc77c\" data-element_type=\"section\" data-e-type=\"section\" data-settings=\"{&quot;stretch_section&quot;:&quot;section-stretched&quot;,&quot;animation&quot;:&quot;none&quot;,&quot;background_background&quot;:&quot;classic&quot;}\">\n\t\t\t\t\t\t\t<div class=\"elementor-background-overlay\"><\/div>\n\t\t\t\t\t\t\t<div class=\"elementor-container elementor-column-gap-no\">\n\t\t\t\t\t<div class=\"elementor-column elementor-col-100 elementor-top-column elementor-element elementor-element-04b364f\" data-id=\"04b364f\" data-element_type=\"column\" data-e-type=\"column\" data-settings=\"{&quot;background_background&quot;:&quot;classic&quot;}\">\n\t\t\t<div class=\"elementor-widget-wrap elementor-element-populated\">\n\t\t\t\t\t\t<section class=\"elementor-section elementor-inner-section elementor-element elementor-element-d5a6aeb elementor-section-boxed elementor-section-height-default elementor-section-height-default\" data-id=\"d5a6aeb\" data-element_type=\"section\" data-e-type=\"section\">\n\t\t\t\t\t\t<div class=\"elementor-container elementor-column-gap-default\">\n\t\t\t\t\t<div class=\"elementor-column elementor-col-100 elementor-inner-column elementor-element elementor-element-17b86e3\" data-id=\"17b86e3\" data-element_type=\"column\" data-e-type=\"column\">\n\t\t\t<div class=\"elementor-widget-wrap elementor-element-populated\">\n\t\t\t\t\t\t<div class=\"elementor-element elementor-element-c4def1e elementor-widget elementor-widget-heading\" data-id=\"c4def1e\" data-element_type=\"widget\" data-e-type=\"widget\" data-widget_type=\"heading.default\">\n\t\t\t\t<div class=\"elementor-widget-container\">\n\t\t\t\t\t<h2 class=\"elementor-heading-title elementor-size-default\">Information Request<\/h2>\t\t\t\t<\/div>\n\t\t\t\t<\/div>\n\t\t\t\t<div class=\"elementor-element elementor-element-9f2294a elementor-widget elementor-widget-shortcode\" data-id=\"9f2294a\" data-element_type=\"widget\" data-e-type=\"widget\" data-widget_type=\"shortcode.default\">\n\t\t\t\t<div class=\"elementor-widget-container\">\n\t\t\t\t\t\t\t<div class=\"elementor-shortcode\"><div class=\"wpforms-container wpforms-container-full\" id=\"wpforms-9216\"><form id=\"wpforms-form-9216\" class=\"wpforms-validate wpforms-form wpforms-ajax-form\" data-formid=\"9216\" method=\"post\" enctype=\"multipart\/form-data\" action=\"\/fr\/wp-json\/wp\/v2\/pages\/7736\" data-token=\"fbad0a53d8e7a6f4ff8c20d69d4d8f73\" data-token-time=\"1778590058\"><noscript class=\"wpforms-error-noscript\">Veuillez activer JavaScript dans votre navigateur pour remplir ce formulaire.<\/noscript><div class=\"wpforms-field-container\"><div id=\"wpforms-9216-field_0-container\" class=\"wpforms-field wpforms-field-name\" data-field-id=\"0\"><label class=\"wpforms-field-label\" for=\"wpforms-9216-field_0\">Name <span class=\"wpforms-required-label\">*<\/span><\/label><input type=\"text\" id=\"wpforms-9216-field_0\" class=\"wpforms-field-medium wpforms-field-required\" name=\"wpforms[fields][0]\" required><\/div><div id=\"wpforms-9216-field_1-container\" class=\"wpforms-field wpforms-field-email\" data-field-id=\"1\"><label class=\"wpforms-field-label\" for=\"wpforms-9216-field_1\">Email <span class=\"wpforms-required-label\">*<\/span><\/label><input type=\"email\" id=\"wpforms-9216-field_1\" class=\"wpforms-field-medium wpforms-field-required\" name=\"wpforms[fields][1]\" spellcheck=\"false\" required><\/div><div id=\"wpforms-9216-field_8-container\" class=\"wpforms-field wpforms-field-text\" data-field-id=\"8\"><label class=\"wpforms-field-label\" for=\"wpforms-9216-field_8\">Phone<\/label><input type=\"text\" id=\"wpforms-9216-field_8\" class=\"wpforms-field-medium\" name=\"wpforms[fields][8]\" ><\/div><div id=\"wpforms-9216-field_4-container\" class=\"wpforms-field wpforms-field-select wpforms-field-select-style-classic\" data-field-id=\"4\"><label class=\"wpforms-field-label\" for=\"wpforms-9216-field_4\">Information Request <span class=\"wpforms-required-label\">*<\/span><\/label><select id=\"wpforms-9216-field_4\" class=\"wpforms-field-medium wpforms-field-required\" name=\"wpforms[fields][4]\" required=\"required\"><option value=\"Click to select\"  class=\"choice-5 depth-1\"  >Click to select<\/option><option value=\"Appartement\"  class=\"choice-1 depth-1\"  >Appartement<\/option><option value=\"House\"  class=\"choice-2 depth-1\"  >House<\/option><option value=\"Land\"  class=\"choice-3 depth-1\"  >Land<\/option><option value=\"Other\"  class=\"choice-4 depth-1\"  >Other<\/option><\/select><\/div><div id=\"wpforms-9216-field_2-container\" class=\"wpforms-field wpforms-field-textarea\" data-field-id=\"2\"><label class=\"wpforms-field-label\" for=\"wpforms-9216-field_2\">Message <span class=\"wpforms-required-label\">*<\/span><\/label><textarea id=\"wpforms-9216-field_2\" class=\"wpforms-field-medium wpforms-field-required\" name=\"wpforms[fields][2]\" required><\/textarea><\/div><div id=\"wpforms-9216-field_5-container\" class=\"wpforms-field wpforms-field-checkbox\" data-field-id=\"5\"><label class=\"wpforms-field-label\">Accord RGPG <span class=\"wpforms-required-label\">*<\/span><\/label><ul id=\"wpforms-9216-field_5\" class=\"wpforms-field-required\"><li class=\"choice-1 depth-1\"><input type=\"checkbox\" id=\"wpforms-9216-field_5_1\" name=\"wpforms[fields][5][]\" value=\"Je consens \u00e0 ce que ce site Web stocke les informations que j&#039;ai fournies conform\u00e9ment \u00e0 la Politique de Confidentialit\u00e9.\" required ><label class=\"wpforms-field-label-inline\" for=\"wpforms-9216-field_5_1\">Je consens \u00e0 ce que ce site Web stocke les informations que j'ai fournies conform\u00e9ment \u00e0 la Politique de Confidentialit\u00e9.<\/label><\/li><\/ul><\/div><\/div><!-- .wpforms-field-container --><div class=\"wpforms-recaptcha-container wpforms-is-recaptcha wpforms-is-recaptcha-type-v3\" ><input type=\"hidden\" name=\"wpforms[recaptcha]\" value=\"\"><\/div><div class=\"wpforms-submit-container\" ><input type=\"hidden\" name=\"wpforms[id]\" value=\"9216\"><input type=\"hidden\" name=\"page_title\" value=\"\"><input type=\"hidden\" name=\"page_url\" value=\"https:\/\/lmhouse.lu\/fr\/wp-json\/wp\/v2\/pages\/7736\"><input type=\"hidden\" name=\"url_referer\" value=\"\"><button type=\"submit\" name=\"wpforms[submit]\" id=\"wpforms-submit-9216\" class=\"wpforms-submit\" data-alt-text=\"Sending...\" data-submit-text=\"Submit\" aria-live=\"assertive\" value=\"wpforms-submit\">Submit<\/button><img decoding=\"async\" src=\"https:\/\/lmhouse.lu\/wp-content\/plugins\/wpforms-lite\/assets\/images\/submit-spin.svg\" class=\"wpforms-submit-spinner\" style=\"display: none;\" width=\"26\" height=\"26\" alt=\"Chargement en cours\"><\/div><input type=\"hidden\" id=\"ct_checkjs_wpforms_185e65bc40581880c4f2c82958de8cfe\" name=\"ct_checkjs_wpforms\" value=\"0\" \/><script>setTimeout(function(){var ct_input_name = \"ct_checkjs_wpforms_185e65bc40581880c4f2c82958de8cfe\";if (document.getElementById(ct_input_name) !== null) {var ct_input_value = document.getElementById(ct_input_name).value;document.getElementById(ct_input_name).value = document.getElementById(ct_input_name).value.replace(ct_input_value, 'a0a8c79ea09db863f54d472d4ad71658f01654a21e22f9f39338e2f37e414115');}}, 1000);<\/script><input\n                    class=\"apbct_special_field apbct_email_id__wp_wpforms\"\n                    name=\"apbct__email_id__wp_wpforms\"\n                    aria-label=\"apbct__label_id__wp_wpforms\"\n                    type=\"text\" size=\"30\" maxlength=\"200\" autocomplete=\"off\"\n                    value=\"\"\n                \/><\/form><\/div>  <!-- .wpforms-container --><\/div>\n\t\t\t\t\t\t<\/div>\n\t\t\t\t<\/div>\n\t\t\t\t<div class=\"elementor-element elementor-element-2d444e4 elementor-widget elementor-widget-text-editor\" data-id=\"2d444e4\" data-element_type=\"widget\" data-e-type=\"widget\" data-widget_type=\"text-editor.default\">\n\t\t\t\t<div class=\"elementor-widget-container\">\n\t\t\t\t\t\t\t\t\t<p><a href=\"https:\/\/www.lmhouse.lu\/privacy-policy\" target=\"_blank\" rel=\"noopener\">Privacy Policy<\/a><\/p>\t\t\t\t\t\t\t\t<\/div>\n\t\t\t\t<\/div>\n\t\t\t\t\t<\/div>\n\t\t<\/div>\n\t\t\t\t\t<\/div>\n\t\t<\/section>\n\t\t\t\t\t<\/div>\n\t\t<\/div>\n\t\t\t\t\t<\/div>\n\t\t<\/section>\n\t\t\t\t<section class=\"elementor-section elementor-top-section elementor-element elementor-element-3a5c711 elementor-section-full_width elementor-section-stretched elementor-section-height-default elementor-section-height-default\" data-id=\"3a5c711\" data-element_type=\"section\" data-e-type=\"section\" data-settings=\"{&quot;stretch_section&quot;:&quot;section-stretched&quot;,&quot;animation&quot;:&quot;none&quot;,&quot;background_background&quot;:&quot;classic&quot;}\">\n\t\t\t\t\t\t\t<div class=\"elementor-background-overlay\"><\/div>\n\t\t\t\t\t\t\t<div class=\"elementor-container elementor-column-gap-no\">\n\t\t\t\t\t<div class=\"elementor-column elementor-col-100 elementor-top-column elementor-element elementor-element-3c93795\" data-id=\"3c93795\" data-element_type=\"column\" data-e-type=\"column\" data-settings=\"{&quot;background_background&quot;:&quot;classic&quot;}\">\n\t\t\t<div class=\"elementor-widget-wrap elementor-element-populated\">\n\t\t\t\t\t\t<div class=\"elementor-element elementor-element-8d722b1 elementor-widget elementor-widget-ere-cta-two-widget\" data-id=\"8d722b1\" data-element_type=\"widget\" data-e-type=\"widget\" data-settings=\"{&quot;_animation&quot;:&quot;none&quot;}\" data-widget_type=\"ere-cta-two-widget.default\">\n\t\t\t\t<div class=\"elementor-widget-container\">\n\t\t\t\t\t        <section\n                class=\"rh_elementor_widget rh_section__cta_elementor_two rh_cta--featured_elementor \" style=\"background-size: cover; background-image: url(https:\/\/lmhouse.lu\/wp-content\/uploads\/2023\/01\/minimalist-luxury-bathroom-of-a-sea-house-2021-08-27-09-59-25-utc.jpg ) \">\n\n\n\t\t\t                <div class=\"elementor_overlay_cta_1\"><\/div>\n\t\t\t            <div class=\"wrapper-section-contents_elementor\">\n                <div class=\"rh_cta__wrap_elementor\">\n\n\t\t\t\t\t\n\t\t\t\t\t                        <h3 class=\"rh_cta__quote\">Send us an email or give us a call<\/h3>\n\t\t\t\t\t\n                    <div class=\"rh_cta__btns_elementor_two\">\n\n\t\t\t\t\t\t                            <a href=\"mailto:%20info@lmhouse.lu\"\n                               class=\"cta_two_elementor_first_button cta_two_elementor_button\">Email<\/a>\n\t\t\t\t\t\t\n\t\t\t\t\t\t                            <a href=\"tel:%20+352621145659\"\n                               class=\"cta_two_elementor_second_button cta_two_elementor_button\">Phone<\/a>\n\t\t\t\t\t\t\n                    <\/div>\n\n                <\/div>\n            <\/div>\n\n        <\/section>\n\n\t\t\t\t\t\t<\/div>\n\t\t\t\t<\/div>\n\t\t\t\t\t<\/div>\n\t\t<\/div>\n\t\t\t\t\t<\/div>\n\t\t<\/section>\n\t\t\t\t<section class=\"elementor-section elementor-top-section elementor-element elementor-element-cdd18be elementor-section-stretched elementor-section-boxed elementor-section-height-default elementor-section-height-default\" data-id=\"cdd18be\" data-element_type=\"section\" data-e-type=\"section\" data-settings=\"{&quot;stretch_section&quot;:&quot;section-stretched&quot;,&quot;background_background&quot;:&quot;classic&quot;}\">\n\t\t\t\t\t\t<div class=\"elementor-container elementor-column-gap-no\">\n\t\t\t\t\t<div class=\"elementor-column elementor-col-100 elementor-top-column elementor-element elementor-element-da9f06b\" data-id=\"da9f06b\" data-element_type=\"column\" data-e-type=\"column\">\n\t\t\t<div class=\"elementor-widget-wrap elementor-element-populated\">\n\t\t\t\t\t\t<div class=\"elementor-element elementor-element-b589b34 elementor-widget elementor-widget-ere-section-title-widget\" data-id=\"b589b34\" data-element_type=\"widget\" data-e-type=\"widget\" data-settings=\"{&quot;_animation&quot;:&quot;none&quot;}\" data-widget_type=\"ere-section-title-widget.default\">\n\t\t\t\t<div class=\"elementor-widget-container\">\n\t\t\t\t\t            <div class=\"rh_elementor_widget re_section_head_elementor\">\n\t\t\t\t\n\t\t\t\t                    <h2 class=\"rh_section__title\">Get in Touch<\/h2>\n\t\t\t\t\n\t\t\t\t            <\/div>\n\t\t\t\t\t\t\t<\/div>\n\t\t\t\t<\/div>\n\t\t\t\t<section class=\"elementor-section elementor-inner-section elementor-element elementor-element-05f538d elementor-section-content-middle elementor-section-boxed elementor-section-height-default elementor-section-height-default\" data-id=\"05f538d\" data-element_type=\"section\" data-e-type=\"section\">\n\t\t\t\t\t\t<div class=\"elementor-container elementor-column-gap-narrow\">\n\t\t\t\t\t<div class=\"elementor-column elementor-col-100 elementor-inner-column elementor-element elementor-element-8661506\" data-id=\"8661506\" data-element_type=\"column\" data-e-type=\"column\" data-settings=\"{&quot;animation&quot;:&quot;none&quot;}\">\n\t\t\t<div class=\"elementor-widget-wrap elementor-element-populated\">\n\t\t\t\t\t\t<div class=\"elementor-element elementor-element-c6c4ae8 elementor-align-center elementor-mobile-align-center elementor-widget elementor-widget-button\" data-id=\"c6c4ae8\" data-element_type=\"widget\" data-e-type=\"widget\" data-settings=\"{&quot;_animation&quot;:&quot;none&quot;}\" data-widget_type=\"button.default\">\n\t\t\t\t<div class=\"elementor-widget-container\">\n\t\t\t\t\t\t\t\t\t<div class=\"elementor-button-wrapper\">\n\t\t\t\t\t<a class=\"elementor-button elementor-button-link elementor-size-md\" href=\"https:\/\/lmhouse.lu\/contact\">\n\t\t\t\t\t\t<span class=\"elementor-button-content-wrapper\">\n\t\t\t\t\t\t\t\t\t<span class=\"elementor-button-text\">Contact Us<\/span>\n\t\t\t\t\t<\/span>\n\t\t\t\t\t<\/a>\n\t\t\t\t<\/div>\n\t\t\t\t\t\t\t\t<\/div>\n\t\t\t\t<\/div>\n\t\t\t\t\t<\/div>\n\t\t<\/div>\n\t\t\t\t\t<\/div>\n\t\t<\/section>\n\t\t\t\t\t<\/div>\n\t\t<\/div>\n\t\t\t\t\t<\/div>\n\t\t<\/section>\n\t\t\t\t<\/div>\n\t\t","protected":false},"excerpt":{"rendered":"<p>Estimation Vous \u00eates propri\u00e9taire d\u2019un appartement ou d\u2019une maison que vous envisagez de vendre? Avant de mettre votre bien immobilier sur le march\u00e9, encore faut-il avoir estim\u00e9 son prix \u00e0 sa juste valeur pour s\u2019assurer de maximiser l\u2019op\u00e9ration financi\u00e8re et de garantir une vente dans les meilleurs d\u00e9lais.\u00a0 Or, l\u2019estimation du prix d\u2019un appartement, tout&#8230;<\/p>","protected":false},"author":2,"featured_media":0,"parent":0,"menu_order":4,"comment_status":"open","ping_status":"closed","template":"templates\/home.php","meta":{"footnotes":""},"class_list":["post-7736","page","type-page","status-publish","hentry"],"yoast_head":"<!-- This site is optimized with the Yoast SEO plugin v27.6 - https:\/\/yoast.com\/product\/yoast-seo-wordpress\/ -->\n<title>Estimation - LM House Immo<\/title>\n<meta name=\"robots\" content=\"index, follow, max-snippet:-1, max-image-preview:large, max-video-preview:-1\" \/>\n<link rel=\"canonical\" href=\"https:\/\/lmhouse.lu\/fr\/estimation\/\" \/>\n<meta property=\"og:locale\" content=\"fr_FR\" \/>\n<meta property=\"og:type\" content=\"article\" \/>\n<meta property=\"og:title\" content=\"Estimation - LM House Immo\" \/>\n<meta property=\"og:description\" content=\"Estimation Vous \u00eates propri\u00e9taire d\u2019un appartement ou d\u2019une maison que vous envisagez de vendre? Avant de mettre votre bien immobilier sur le march\u00e9, encore faut-il avoir estim\u00e9 son prix \u00e0 sa juste valeur pour s\u2019assurer de maximiser l\u2019op\u00e9ration financi\u00e8re et de garantir une vente dans les meilleurs d\u00e9lais.\u00a0 Or, l\u2019estimation du prix d\u2019un appartement, tout...\" \/>\n<meta property=\"og:url\" content=\"https:\/\/lmhouse.lu\/fr\/estimation\/\" \/>\n<meta property=\"og:site_name\" content=\"LM House Immo\" \/>\n<meta property=\"article:publisher\" content=\"https:\/\/www.facebook.com\/lmhouse.lu\" \/>\n<meta property=\"article:modified_time\" content=\"2023-02-18T11:47:56+00:00\" \/>\n<meta name=\"twitter:card\" content=\"summary_large_image\" \/>\n<meta name=\"twitter:label1\" content=\"Dur\u00e9e de lecture estim\u00e9e\" \/>\n\t<meta name=\"twitter:data1\" content=\"1 minute\" \/>\n<script type=\"application\/ld+json\" class=\"yoast-schema-graph\">{\"@context\":\"https:\\\/\\\/schema.org\",\"@graph\":[{\"@type\":\"WebPage\",\"@id\":\"https:\\\/\\\/lmhouse.lu\\\/estimation\\\/\",\"url\":\"https:\\\/\\\/lmhouse.lu\\\/estimation\\\/\",\"name\":\"Estimation - LM House Immo\",\"isPartOf\":{\"@id\":\"https:\\\/\\\/lmhouse.lu\\\/#website\"},\"datePublished\":\"2023-01-16T13:56:42+00:00\",\"dateModified\":\"2023-02-18T11:47:56+00:00\",\"breadcrumb\":{\"@id\":\"https:\\\/\\\/lmhouse.lu\\\/estimation\\\/#breadcrumb\"},\"inLanguage\":\"fr-FR\",\"potentialAction\":[{\"@type\":\"ReadAction\",\"target\":[\"https:\\\/\\\/lmhouse.lu\\\/estimation\\\/\"]}]},{\"@type\":\"BreadcrumbList\",\"@id\":\"https:\\\/\\\/lmhouse.lu\\\/estimation\\\/#breadcrumb\",\"itemListElement\":[{\"@type\":\"ListItem\",\"position\":1,\"name\":\"Home\",\"item\":\"https:\\\/\\\/lmhouse.lu\\\/fr\\\/\"},{\"@type\":\"ListItem\",\"position\":2,\"name\":\"Estimation\"}]},{\"@type\":\"WebSite\",\"@id\":\"https:\\\/\\\/lmhouse.lu\\\/#website\",\"url\":\"https:\\\/\\\/lmhouse.lu\\\/\",\"name\":\"LM House Immo\",\"description\":\"Vente | Achat | Location\",\"publisher\":{\"@id\":\"https:\\\/\\\/lmhouse.lu\\\/#organization\"},\"alternateName\":\"LM House Sarl\",\"potentialAction\":[{\"@type\":\"SearchAction\",\"target\":{\"@type\":\"EntryPoint\",\"urlTemplate\":\"https:\\\/\\\/lmhouse.lu\\\/?s={search_term_string}\"},\"query-input\":{\"@type\":\"PropertyValueSpecification\",\"valueRequired\":true,\"valueName\":\"search_term_string\"}}],\"inLanguage\":\"fr-FR\"},{\"@type\":\"Organization\",\"@id\":\"https:\\\/\\\/lmhouse.lu\\\/#organization\",\"name\":\"LM House Sarl\",\"alternateName\":\"LM House Immo\",\"url\":\"https:\\\/\\\/lmhouse.lu\\\/\",\"logo\":{\"@type\":\"ImageObject\",\"inLanguage\":\"fr-FR\",\"@id\":\"https:\\\/\\\/lmhouse.lu\\\/#\\\/schema\\\/logo\\\/image\\\/\",\"url\":\"https:\\\/\\\/lmhouse.lu\\\/wp-content\\\/uploads\\\/2020\\\/02\\\/IALP-LM-HOUSE-LOGO-1000PX-150123-V1.jpg\",\"contentUrl\":\"https:\\\/\\\/lmhouse.lu\\\/wp-content\\\/uploads\\\/2020\\\/02\\\/IALP-LM-HOUSE-LOGO-1000PX-150123-V1.jpg\",\"width\":1000,\"height\":1000,\"caption\":\"LM House Sarl\"},\"image\":{\"@id\":\"https:\\\/\\\/lmhouse.lu\\\/#\\\/schema\\\/logo\\\/image\\\/\"},\"sameAs\":[\"https:\\\/\\\/www.facebook.com\\\/lmhouse.lu\",\"https:\\\/\\\/www.instagram.com\\\/lmhouse.lu\"]}]}<\/script>\n<!-- \/ Yoast SEO plugin. -->","yoast_head_json":{"title":"Estimation - LM House Immo","robots":{"index":"index","follow":"follow","max-snippet":"max-snippet:-1","max-image-preview":"max-image-preview:large","max-video-preview":"max-video-preview:-1"},"canonical":"https:\/\/lmhouse.lu\/fr\/estimation\/","og_locale":"fr_FR","og_type":"article","og_title":"Estimation - LM House Immo","og_description":"Estimation Vous \u00eates propri\u00e9taire d\u2019un appartement ou d\u2019une maison que vous envisagez de vendre? Avant de mettre votre bien immobilier sur le march\u00e9, encore faut-il avoir estim\u00e9 son prix \u00e0 sa juste valeur pour s\u2019assurer de maximiser l\u2019op\u00e9ration financi\u00e8re et de garantir une vente dans les meilleurs d\u00e9lais.\u00a0 Or, l\u2019estimation du prix d\u2019un appartement, tout...","og_url":"https:\/\/lmhouse.lu\/fr\/estimation\/","og_site_name":"LM House Immo","article_publisher":"https:\/\/www.facebook.com\/lmhouse.lu","article_modified_time":"2023-02-18T11:47:56+00:00","twitter_card":"summary_large_image","twitter_misc":{"Dur\u00e9e de lecture estim\u00e9e":"1 minute"},"schema":{"@context":"https:\/\/schema.org","@graph":[{"@type":"WebPage","@id":"https:\/\/lmhouse.lu\/estimation\/","url":"https:\/\/lmhouse.lu\/estimation\/","name":"Estimation - LM House Immo","isPartOf":{"@id":"https:\/\/lmhouse.lu\/#website"},"datePublished":"2023-01-16T13:56:42+00:00","dateModified":"2023-02-18T11:47:56+00:00","breadcrumb":{"@id":"https:\/\/lmhouse.lu\/estimation\/#breadcrumb"},"inLanguage":"fr-FR","potentialAction":[{"@type":"ReadAction","target":["https:\/\/lmhouse.lu\/estimation\/"]}]},{"@type":"BreadcrumbList","@id":"https:\/\/lmhouse.lu\/estimation\/#breadcrumb","itemListElement":[{"@type":"ListItem","position":1,"name":"Home","item":"https:\/\/lmhouse.lu\/fr\/"},{"@type":"ListItem","position":2,"name":"Estimation"}]},{"@type":"WebSite","@id":"https:\/\/lmhouse.lu\/#website","url":"https:\/\/lmhouse.lu\/","name":"LM House Immo","description":"Vente | Achat | Location","publisher":{"@id":"https:\/\/lmhouse.lu\/#organization"},"alternateName":"LM House Sarl","potentialAction":[{"@type":"SearchAction","target":{"@type":"EntryPoint","urlTemplate":"https:\/\/lmhouse.lu\/?s={search_term_string}"},"query-input":{"@type":"PropertyValueSpecification","valueRequired":true,"valueName":"search_term_string"}}],"inLanguage":"fr-FR"},{"@type":"Organization","@id":"https:\/\/lmhouse.lu\/#organization","name":"LM House Sarl","alternateName":"LM House Immo","url":"https:\/\/lmhouse.lu\/","logo":{"@type":"ImageObject","inLanguage":"fr-FR","@id":"https:\/\/lmhouse.lu\/#\/schema\/logo\/image\/","url":"https:\/\/lmhouse.lu\/wp-content\/uploads\/2020\/02\/IALP-LM-HOUSE-LOGO-1000PX-150123-V1.jpg","contentUrl":"https:\/\/lmhouse.lu\/wp-content\/uploads\/2020\/02\/IALP-LM-HOUSE-LOGO-1000PX-150123-V1.jpg","width":1000,"height":1000,"caption":"LM House Sarl"},"image":{"@id":"https:\/\/lmhouse.lu\/#\/schema\/logo\/image\/"},"sameAs":["https:\/\/www.facebook.com\/lmhouse.lu","https:\/\/www.instagram.com\/lmhouse.lu"]}]}},"_links":{"self":[{"href":"https:\/\/lmhouse.lu\/fr\/wp-json\/wp\/v2\/pages\/7736","targetHints":{"allow":["GET"]}}],"collection":[{"href":"https:\/\/lmhouse.lu\/fr\/wp-json\/wp\/v2\/pages"}],"about":[{"href":"https:\/\/lmhouse.lu\/fr\/wp-json\/wp\/v2\/types\/page"}],"author":[{"embeddable":true,"href":"https:\/\/lmhouse.lu\/fr\/wp-json\/wp\/v2\/users\/2"}],"replies":[{"embeddable":true,"href":"https:\/\/lmhouse.lu\/fr\/wp-json\/wp\/v2\/comments?post=7736"}],"version-history":[{"count":222,"href":"https:\/\/lmhouse.lu\/fr\/wp-json\/wp\/v2\/pages\/7736\/revisions"}],"predecessor-version":[{"id":9704,"href":"https:\/\/lmhouse.lu\/fr\/wp-json\/wp\/v2\/pages\/7736\/revisions\/9704"}],"wp:attachment":[{"href":"https:\/\/lmhouse.lu\/fr\/wp-json\/wp\/v2\/media?parent=7736"}],"curies":[{"name":"wp","href":"https:\/\/api.w.org\/{rel}","templated":true}]}}