{"id":7604,"date":"2023-01-16T02:49:38","date_gmt":"2023-01-16T01:49:38","guid":{"rendered":"https:\/\/lmhouse.lu\/?page_id=7604"},"modified":"2023-03-02T19:37:16","modified_gmt":"2023-03-02T18:37:16","slug":"lm-house-immo","status":"publish","type":"page","link":"https:\/\/lmhouse.lu\/fr\/","title":{"rendered":"LM House Immo"},"content":{"rendered":"\t\t<div data-elementor-type=\"wp-page\" data-elementor-id=\"7604\" class=\"elementor elementor-7604\" data-elementor-post-type=\"page\">\n\t\t\t\t\t\t<section class=\"elementor-section elementor-top-section elementor-element elementor-element-6cd861d elementor-section-height-full elementor-hidden-mobile animated-slow elementor-section-boxed elementor-section-height-default elementor-section-items-middle elementor-invisible\" data-id=\"6cd861d\" data-element_type=\"section\" data-e-type=\"section\" data-settings=\"{&quot;background_background&quot;:&quot;slideshow&quot;,&quot;background_slideshow_gallery&quot;:[{&quot;id&quot;:7793,&quot;url&quot;:&quot;https:\\\/\\\/lmhouse.lu\\\/wp-content\\\/uploads\\\/2020\\\/02\\\/modern-style-conceptual-interior-room-2022-10-17-20-17-55-utc.jpg&quot;},{&quot;id&quot;:8398,&quot;url&quot;:&quot;https:\\\/\\\/lmhouse.lu\\\/wp-content\\\/uploads\\\/2023\\\/01\\\/expensive-design-of-modern-bathroom-basins-2021-10-21-02-45-05-utc.jpg&quot;},{&quot;id&quot;:8399,&quot;url&quot;:&quot;https:\\\/\\\/lmhouse.lu\\\/wp-content\\\/uploads\\\/2023\\\/01\\\/minimalist-luxury-bathroom-of-a-sea-house-2021-08-27-09-59-25-utc.jpg&quot;},{&quot;id&quot;:8394,&quot;url&quot;:&quot;https:\\\/\\\/lmhouse.lu\\\/wp-content\\\/uploads\\\/2023\\\/01\\\/minimalist-style-bedroom-at-home-2021-10-21-02-43-12-utc.jpg&quot;}],&quot;background_slideshow_ken_burns&quot;:&quot;yes&quot;,&quot;animation&quot;:&quot;fadeIn&quot;,&quot;background_slideshow_loop&quot;:&quot;yes&quot;,&quot;background_slideshow_slide_duration&quot;:5000,&quot;background_slideshow_slide_transition&quot;:&quot;fade&quot;,&quot;background_slideshow_transition_duration&quot;:500,&quot;background_slideshow_ken_burns_zoom_direction&quot;:&quot;in&quot;}\">\n\t\t\t\t\t\t\t<div class=\"elementor-background-overlay\"><\/div>\n\t\t\t\t\t\t\t<div class=\"elementor-container elementor-column-gap-default\">\n\t\t\t\t\t<div class=\"elementor-column elementor-col-33 elementor-top-column elementor-element elementor-element-50505e8\" data-id=\"50505e8\" data-element_type=\"column\" data-e-type=\"column\">\n\t\t\t<div class=\"elementor-widget-wrap elementor-element-populated\">\n\t\t\t\t\t\t<div class=\"elementor-element elementor-element-86dea40 elementor-align-justify elementor-widget elementor-widget-button\" data-id=\"86dea40\" data-element_type=\"widget\" data-e-type=\"widget\" data-widget_type=\"button.default\">\n\t\t\t\t<div class=\"elementor-widget-container\">\n\t\t\t\t\t\t\t\t\t<div class=\"elementor-button-wrapper\">\n\t\t\t\t\t<a class=\"elementor-button elementor-button-link elementor-size-sm\" href=\"https:\/\/www.lmhouse.lu\/home\">\n\t\t\t\t\t\t<span class=\"elementor-button-content-wrapper\">\n\t\t\t\t\t\t\t\t\t<span class=\"elementor-button-text\">Properties<\/span>\n\t\t\t\t\t<\/span>\n\t\t\t\t\t<\/a>\n\t\t\t\t<\/div>\n\t\t\t\t\t\t\t\t<\/div>\n\t\t\t\t<\/div>\n\t\t\t\t\t<\/div>\n\t\t<\/div>\n\t\t\t\t<div class=\"elementor-column elementor-col-33 elementor-top-column elementor-element elementor-element-a14e808\" data-id=\"a14e808\" data-element_type=\"column\" data-e-type=\"column\">\n\t\t\t<div class=\"elementor-widget-wrap elementor-element-populated\">\n\t\t\t\t\t\t<div class=\"elementor-element elementor-element-5489f4a elementor-widget elementor-widget-image\" data-id=\"5489f4a\" data-element_type=\"widget\" data-e-type=\"widget\" data-widget_type=\"image.default\">\n\t\t\t\t<div class=\"elementor-widget-container\">\n\t\t\t\t\t\t\t\t\t\t\t\t\t\t\t<img fetchpriority=\"high\" decoding=\"async\" width=\"738\" height=\"572\" src=\"https:\/\/lmhouse.lu\/wp-content\/uploads\/2022\/10\/IALP-LM-HOUSE-IMMO-LOGO-2022.png\" class=\"attachment-large size-large wp-image-159\" alt=\"\" srcset=\"https:\/\/lmhouse.lu\/wp-content\/uploads\/2022\/10\/IALP-LM-HOUSE-IMMO-LOGO-2022.png 945w, https:\/\/lmhouse.lu\/wp-content\/uploads\/2022\/10\/IALP-LM-HOUSE-IMMO-LOGO-2022-300x233.png 300w, https:\/\/lmhouse.lu\/wp-content\/uploads\/2022\/10\/IALP-LM-HOUSE-IMMO-LOGO-2022-768x596.png 768w\" sizes=\"(max-width: 738px) 100vw, 738px\" \/>\t\t\t\t\t\t\t\t\t\t\t\t\t\t\t<\/div>\n\t\t\t\t<\/div>\n\t\t\t\t<div class=\"elementor-element elementor-element-c1c9e7a elementor-align-justify elementor-widget elementor-widget-button\" data-id=\"c1c9e7a\" data-element_type=\"widget\" data-e-type=\"widget\" data-widget_type=\"button.default\">\n\t\t\t\t<div class=\"elementor-widget-container\">\n\t\t\t\t\t\t\t\t\t<div class=\"elementor-button-wrapper\">\n\t\t\t\t\t<a class=\"elementor-button elementor-button-link elementor-size-sm\" href=\"https:\/\/www.lmhouse.lu\/estimation\">\n\t\t\t\t\t\t<span class=\"elementor-button-content-wrapper\">\n\t\t\t\t\t\t\t\t\t<span class=\"elementor-button-text\">Estimation<\/span>\n\t\t\t\t\t<\/span>\n\t\t\t\t\t<\/a>\n\t\t\t\t<\/div>\n\t\t\t\t\t\t\t\t<\/div>\n\t\t\t\t<\/div>\n\t\t\t\t\t<\/div>\n\t\t<\/div>\n\t\t\t\t<div class=\"elementor-column elementor-col-33 elementor-top-column elementor-element elementor-element-c6a129d\" data-id=\"c6a129d\" data-element_type=\"column\" data-e-type=\"column\">\n\t\t\t<div class=\"elementor-widget-wrap elementor-element-populated\">\n\t\t\t\t\t\t<div class=\"elementor-element elementor-element-4701494 elementor-align-justify elementor-widget elementor-widget-button\" data-id=\"4701494\" data-element_type=\"widget\" data-e-type=\"widget\" data-widget_type=\"button.default\">\n\t\t\t\t<div class=\"elementor-widget-container\">\n\t\t\t\t\t\t\t\t\t<div class=\"elementor-button-wrapper\">\n\t\t\t\t\t<a class=\"elementor-button elementor-button-link elementor-size-sm\" href=\"https:\/\/www.lmhouse.lu\/contact\">\n\t\t\t\t\t\t<span class=\"elementor-button-content-wrapper\">\n\t\t\t\t\t\t\t\t\t<span class=\"elementor-button-text\">Contact<\/span>\n\t\t\t\t\t<\/span>\n\t\t\t\t\t<\/a>\n\t\t\t\t<\/div>\n\t\t\t\t\t\t\t\t<\/div>\n\t\t\t\t<\/div>\n\t\t\t\t\t<\/div>\n\t\t<\/div>\n\t\t\t\t\t<\/div>\n\t\t<\/section>\n\t\t\t\t<section class=\"elementor-section elementor-top-section elementor-element elementor-element-b4991a4 elementor-section-height-min-height animated-slow elementor-section-full_width elementor-section-items-stretch elementor-hidden-desktop elementor-hidden-tablet elementor-section-height-default elementor-invisible\" data-id=\"b4991a4\" data-element_type=\"section\" data-e-type=\"section\" data-settings=\"{&quot;background_background&quot;:&quot;slideshow&quot;,&quot;background_slideshow_gallery&quot;:[{&quot;id&quot;:8390,&quot;url&quot;:&quot;https:\\\/\\\/lmhouse.lu\\\/wp-content\\\/uploads\\\/2023\\\/01\\\/mezzanine-floor-in-minimalist-apartment-2021-08-26-15-44-47-utc.jpg&quot;},{&quot;id&quot;:8399,&quot;url&quot;:&quot;https:\\\/\\\/lmhouse.lu\\\/wp-content\\\/uploads\\\/2023\\\/01\\\/minimalist-luxury-bathroom-of-a-sea-house-2021-08-27-09-59-25-utc.jpg&quot;},{&quot;id&quot;:8383,&quot;url&quot;:&quot;https:\\\/\\\/lmhouse.lu\\\/wp-content\\\/uploads\\\/2023\\\/01\\\/luxury-and-modern-house-interior-2022-01-28-06-55-05-utc.jpg&quot;},{&quot;id&quot;:8398,&quot;url&quot;:&quot;https:\\\/\\\/lmhouse.lu\\\/wp-content\\\/uploads\\\/2023\\\/01\\\/expensive-design-of-modern-bathroom-basins-2021-10-21-02-45-05-utc.jpg&quot;},{&quot;id&quot;:8394,&quot;url&quot;:&quot;https:\\\/\\\/lmhouse.lu\\\/wp-content\\\/uploads\\\/2023\\\/01\\\/minimalist-style-bedroom-at-home-2021-10-21-02-43-12-utc.jpg&quot;}],&quot;background_slideshow_ken_burns&quot;:&quot;yes&quot;,&quot;animation&quot;:&quot;fadeIn&quot;,&quot;background_slideshow_loop&quot;:&quot;yes&quot;,&quot;background_slideshow_slide_duration&quot;:5000,&quot;background_slideshow_slide_transition&quot;:&quot;fade&quot;,&quot;background_slideshow_transition_duration&quot;:500,&quot;background_slideshow_ken_burns_zoom_direction&quot;:&quot;in&quot;}\">\n\t\t\t\t\t\t\t<div class=\"elementor-background-overlay\"><\/div>\n\t\t\t\t\t\t\t<div class=\"elementor-container elementor-column-gap-default\">\n\t\t\t\t\t<div class=\"elementor-column elementor-col-100 elementor-top-column elementor-element elementor-element-d8c3426\" data-id=\"d8c3426\" data-element_type=\"column\" data-e-type=\"column\">\n\t\t\t<div class=\"elementor-widget-wrap elementor-element-populated\">\n\t\t\t\t\t\t<div class=\"elementor-element elementor-element-232bf5d elementor-widget elementor-widget-image\" data-id=\"232bf5d\" data-element_type=\"widget\" data-e-type=\"widget\" data-widget_type=\"image.default\">\n\t\t\t\t<div class=\"elementor-widget-container\">\n\t\t\t\t\t\t\t\t\t\t\t\t\t\t\t<img fetchpriority=\"high\" decoding=\"async\" width=\"738\" height=\"572\" src=\"https:\/\/lmhouse.lu\/wp-content\/uploads\/2022\/10\/IALP-LM-HOUSE-IMMO-LOGO-2022.png\" class=\"attachment-large size-large wp-image-159\" alt=\"\" srcset=\"https:\/\/lmhouse.lu\/wp-content\/uploads\/2022\/10\/IALP-LM-HOUSE-IMMO-LOGO-2022.png 945w, https:\/\/lmhouse.lu\/wp-content\/uploads\/2022\/10\/IALP-LM-HOUSE-IMMO-LOGO-2022-300x233.png 300w, https:\/\/lmhouse.lu\/wp-content\/uploads\/2022\/10\/IALP-LM-HOUSE-IMMO-LOGO-2022-768x596.png 768w\" sizes=\"(max-width: 738px) 100vw, 738px\" \/>\t\t\t\t\t\t\t\t\t\t\t\t\t\t\t<\/div>\n\t\t\t\t<\/div>\n\t\t\t\t<div class=\"elementor-element elementor-element-e5a8b23 elementor-align-justify elementor-widget elementor-widget-button\" data-id=\"e5a8b23\" data-element_type=\"widget\" data-e-type=\"widget\" data-widget_type=\"button.default\">\n\t\t\t\t<div class=\"elementor-widget-container\">\n\t\t\t\t\t\t\t\t\t<div class=\"elementor-button-wrapper\">\n\t\t\t\t\t<a class=\"elementor-button elementor-button-link elementor-size-sm\" href=\"https:\/\/www.lmhouse.lu\/home\">\n\t\t\t\t\t\t<span class=\"elementor-button-content-wrapper\">\n\t\t\t\t\t\t\t\t\t<span class=\"elementor-button-text\">Properties<\/span>\n\t\t\t\t\t<\/span>\n\t\t\t\t\t<\/a>\n\t\t\t\t<\/div>\n\t\t\t\t\t\t\t\t<\/div>\n\t\t\t\t<\/div>\n\t\t\t\t<div class=\"elementor-element elementor-element-0b60353 elementor-align-justify elementor-widget elementor-widget-button\" data-id=\"0b60353\" data-element_type=\"widget\" data-e-type=\"widget\" data-widget_type=\"button.default\">\n\t\t\t\t<div class=\"elementor-widget-container\">\n\t\t\t\t\t\t\t\t\t<div class=\"elementor-button-wrapper\">\n\t\t\t\t\t<a class=\"elementor-button elementor-button-link elementor-size-sm\" href=\"https:\/\/www.lmhouse.lu\/estimation\">\n\t\t\t\t\t\t<span class=\"elementor-button-content-wrapper\">\n\t\t\t\t\t\t\t\t\t<span class=\"elementor-button-text\">Estimation<\/span>\n\t\t\t\t\t<\/span>\n\t\t\t\t\t<\/a>\n\t\t\t\t<\/div>\n\t\t\t\t\t\t\t\t<\/div>\n\t\t\t\t<\/div>\n\t\t\t\t<div class=\"elementor-element elementor-element-5e25560 elementor-align-justify elementor-widget elementor-widget-button\" data-id=\"5e25560\" data-element_type=\"widget\" data-e-type=\"widget\" data-widget_type=\"button.default\">\n\t\t\t\t<div class=\"elementor-widget-container\">\n\t\t\t\t\t\t\t\t\t<div class=\"elementor-button-wrapper\">\n\t\t\t\t\t<a class=\"elementor-button elementor-button-link elementor-size-sm\" href=\"https:\/\/www.lmhouse.lu\/contact\">\n\t\t\t\t\t\t<span class=\"elementor-button-content-wrapper\">\n\t\t\t\t\t\t\t\t\t<span class=\"elementor-button-text\">Contacts<\/span>\n\t\t\t\t\t<\/span>\n\t\t\t\t\t<\/a>\n\t\t\t\t<\/div>\n\t\t\t\t\t\t\t\t<\/div>\n\t\t\t\t<\/div>\n\t\t\t\t\t<\/div>\n\t\t<\/div>\n\t\t\t\t\t<\/div>\n\t\t<\/section>\n\t\t\t\t<\/div>\n\t\t","protected":false},"excerpt":{"rendered":"<p>Contacts pour l'estimation des propri\u00e9t\u00e9s Contacts pour l'estimation des propri\u00e9t\u00e9s<\/p>","protected":false},"author":2,"featured_media":0,"parent":0,"menu_order":0,"comment_status":"closed","ping_status":"closed","template":"elementor_canvas","meta":{"footnotes":""},"class_list":["post-7604","page","type-page","status-publish","hentry"],"yoast_head":"<!-- This site is optimized with the Yoast SEO plugin v27.6 - https:\/\/yoast.com\/product\/yoast-seo-wordpress\/ -->\n<title>LM House Immo - LM House Immo<\/title>\n<meta name=\"description\" content=\"Vente | Achat | Location\" \/>\n<meta name=\"robots\" content=\"index, follow, max-snippet:-1, max-image-preview:large, max-video-preview:-1\" \/>\n<link rel=\"canonical\" href=\"https:\/\/lmhouse.lu\/fr\/\" \/>\n<meta property=\"og:locale\" content=\"fr_FR\" \/>\n<meta property=\"og:type\" content=\"article\" \/>\n<meta property=\"og:title\" content=\"LM House Immo - LM House Immo\" \/>\n<meta property=\"og:description\" content=\"Vente | Achat | Location\" \/>\n<meta property=\"og:url\" content=\"https:\/\/lmhouse.lu\/fr\/\" \/>\n<meta property=\"og:site_name\" content=\"LM House Immo\" \/>\n<meta property=\"article:publisher\" content=\"https:\/\/www.facebook.com\/lmhouse.lu\" \/>\n<meta property=\"article:modified_time\" content=\"2023-03-02T18:37:16+00:00\" \/>\n<meta property=\"og:image\" content=\"https:\/\/lmhouse.lu\/wp-content\/uploads\/2022\/10\/IALP-LM-HOUSE-IMMO-LOGO-2022.png\" \/>\n<meta name=\"twitter:card\" content=\"summary_large_image\" \/>\n<meta name=\"twitter:label1\" content=\"Dur\u00e9e de lecture estim\u00e9e\" \/>\n\t<meta name=\"twitter:data1\" content=\"1 minute\" \/>\n<script type=\"application\/ld+json\" class=\"yoast-schema-graph\">{\"@context\":\"https:\\\/\\\/schema.org\",\"@graph\":[{\"@type\":\"WebPage\",\"@id\":\"https:\\\/\\\/lmhouse.lu\\\/fr\\\/\",\"url\":\"https:\\\/\\\/lmhouse.lu\\\/fr\\\/\",\"name\":\"LM House Immo - LM House Immo\",\"isPartOf\":{\"@id\":\"https:\\\/\\\/lmhouse.lu\\\/#website\"},\"primaryImageOfPage\":{\"@id\":\"https:\\\/\\\/lmhouse.lu\\\/fr\\\/#primaryimage\"},\"image\":{\"@id\":\"https:\\\/\\\/lmhouse.lu\\\/fr\\\/#primaryimage\"},\"thumbnailUrl\":\"https:\\\/\\\/lmhouse.lu\\\/wp-content\\\/uploads\\\/2022\\\/10\\\/IALP-LM-HOUSE-IMMO-LOGO-2022.png\",\"datePublished\":\"2023-01-16T01:49:38+00:00\",\"dateModified\":\"2023-03-02T18:37:16+00:00\",\"description\":\"Vente | Achat | Location\",\"breadcrumb\":{\"@id\":\"https:\\\/\\\/lmhouse.lu\\\/fr\\\/#breadcrumb\"},\"inLanguage\":\"fr-FR\",\"potentialAction\":[{\"@type\":\"ReadAction\",\"target\":[\"https:\\\/\\\/lmhouse.lu\\\/fr\\\/\"]}]},{\"@type\":\"ImageObject\",\"inLanguage\":\"fr-FR\",\"@id\":\"https:\\\/\\\/lmhouse.lu\\\/fr\\\/#primaryimage\",\"url\":\"https:\\\/\\\/lmhouse.lu\\\/wp-content\\\/uploads\\\/2022\\\/10\\\/IALP-LM-HOUSE-IMMO-LOGO-2022.png\",\"contentUrl\":\"https:\\\/\\\/lmhouse.lu\\\/wp-content\\\/uploads\\\/2022\\\/10\\\/IALP-LM-HOUSE-IMMO-LOGO-2022.png\"},{\"@type\":\"BreadcrumbList\",\"@id\":\"https:\\\/\\\/lmhouse.lu\\\/fr\\\/#breadcrumb\",\"itemListElement\":[{\"@type\":\"ListItem\",\"position\":1,\"name\":\"Home\",\"item\":\"https:\\\/\\\/lmhouse.lu\\\/fr\\\/\"},{\"@type\":\"ListItem\",\"position\":2,\"name\":\"LM House Immo\"}]},{\"@type\":\"WebSite\",\"@id\":\"https:\\\/\\\/lmhouse.lu\\\/#website\",\"url\":\"https:\\\/\\\/lmhouse.lu\\\/\",\"name\":\"LM House Immo\",\"description\":\"Vente | Achat | Location\",\"publisher\":{\"@id\":\"https:\\\/\\\/lmhouse.lu\\\/#organization\"},\"alternateName\":\"LM House Sarl\",\"potentialAction\":[{\"@type\":\"SearchAction\",\"target\":{\"@type\":\"EntryPoint\",\"urlTemplate\":\"https:\\\/\\\/lmhouse.lu\\\/?s={search_term_string}\"},\"query-input\":{\"@type\":\"PropertyValueSpecification\",\"valueRequired\":true,\"valueName\":\"search_term_string\"}}],\"inLanguage\":\"fr-FR\"},{\"@type\":\"Organization\",\"@id\":\"https:\\\/\\\/lmhouse.lu\\\/#organization\",\"name\":\"LM House Sarl\",\"alternateName\":\"LM House Immo\",\"url\":\"https:\\\/\\\/lmhouse.lu\\\/\",\"logo\":{\"@type\":\"ImageObject\",\"inLanguage\":\"fr-FR\",\"@id\":\"https:\\\/\\\/lmhouse.lu\\\/#\\\/schema\\\/logo\\\/image\\\/\",\"url\":\"https:\\\/\\\/lmhouse.lu\\\/wp-content\\\/uploads\\\/2020\\\/02\\\/IALP-LM-HOUSE-LOGO-1000PX-150123-V1.jpg\",\"contentUrl\":\"https:\\\/\\\/lmhouse.lu\\\/wp-content\\\/uploads\\\/2020\\\/02\\\/IALP-LM-HOUSE-LOGO-1000PX-150123-V1.jpg\",\"width\":1000,\"height\":1000,\"caption\":\"LM House Sarl\"},\"image\":{\"@id\":\"https:\\\/\\\/lmhouse.lu\\\/#\\\/schema\\\/logo\\\/image\\\/\"},\"sameAs\":[\"https:\\\/\\\/www.facebook.com\\\/lmhouse.lu\",\"https:\\\/\\\/www.instagram.com\\\/lmhouse.lu\"]}]}<\/script>\n<!-- \/ Yoast SEO plugin. -->","yoast_head_json":{"title":"LM House Immo","description":"Vente | Achat | Location","robots":{"index":"index","follow":"follow","max-snippet":"max-snippet:-1","max-image-preview":"max-image-preview:large","max-video-preview":"max-video-preview:-1"},"canonical":"https:\/\/lmhouse.lu\/fr\/","og_locale":"fr_FR","og_type":"article","og_title":"LM House Immo - LM House Immo","og_description":"Vente | Achat | Location","og_url":"https:\/\/lmhouse.lu\/fr\/","og_site_name":"LM House Immo","article_publisher":"https:\/\/www.facebook.com\/lmhouse.lu","article_modified_time":"2023-03-02T18:37:16+00:00","og_image":[{"url":"https:\/\/lmhouse.lu\/wp-content\/uploads\/2022\/10\/IALP-LM-HOUSE-IMMO-LOGO-2022.png","type":"","width":"","height":""}],"twitter_card":"summary_large_image","twitter_misc":{"Dur\u00e9e de lecture estim\u00e9e":"1 minute"},"schema":{"@context":"https:\/\/schema.org","@graph":[{"@type":"WebPage","@id":"https:\/\/lmhouse.lu\/fr\/","url":"https:\/\/lmhouse.lu\/fr\/","name":"LM House Immo","isPartOf":{"@id":"https:\/\/lmhouse.lu\/#website"},"primaryImageOfPage":{"@id":"https:\/\/lmhouse.lu\/fr\/#primaryimage"},"image":{"@id":"https:\/\/lmhouse.lu\/fr\/#primaryimage"},"thumbnailUrl":"https:\/\/lmhouse.lu\/wp-content\/uploads\/2022\/10\/IALP-LM-HOUSE-IMMO-LOGO-2022.png","datePublished":"2023-01-16T01:49:38+00:00","dateModified":"2023-03-02T18:37:16+00:00","description":"Vente | Achat | Location","breadcrumb":{"@id":"https:\/\/lmhouse.lu\/fr\/#breadcrumb"},"inLanguage":"fr-FR","potentialAction":[{"@type":"ReadAction","target":["https:\/\/lmhouse.lu\/fr\/"]}]},{"@type":"ImageObject","inLanguage":"fr-FR","@id":"https:\/\/lmhouse.lu\/fr\/#primaryimage","url":"https:\/\/lmhouse.lu\/wp-content\/uploads\/2022\/10\/IALP-LM-HOUSE-IMMO-LOGO-2022.png","contentUrl":"https:\/\/lmhouse.lu\/wp-content\/uploads\/2022\/10\/IALP-LM-HOUSE-IMMO-LOGO-2022.png"},{"@type":"BreadcrumbList","@id":"https:\/\/lmhouse.lu\/fr\/#breadcrumb","itemListElement":[{"@type":"ListItem","position":1,"name":"Home","item":"https:\/\/lmhouse.lu\/fr\/"},{"@type":"ListItem","position":2,"name":"LM House Immo"}]},{"@type":"WebSite","@id":"https:\/\/lmhouse.lu\/#website","url":"https:\/\/lmhouse.lu\/","name":"LM House Immo","description":"Vente | Achat | Location","publisher":{"@id":"https:\/\/lmhouse.lu\/#organization"},"alternateName":"LM House Sarl","potentialAction":[{"@type":"SearchAction","target":{"@type":"EntryPoint","urlTemplate":"https:\/\/lmhouse.lu\/?s={search_term_string}"},"query-input":{"@type":"PropertyValueSpecification","valueRequired":true,"valueName":"search_term_string"}}],"inLanguage":"fr-FR"},{"@type":"Organization","@id":"https:\/\/lmhouse.lu\/#organization","name":"LM House Sarl","alternateName":"LM House Immo","url":"https:\/\/lmhouse.lu\/","logo":{"@type":"ImageObject","inLanguage":"fr-FR","@id":"https:\/\/lmhouse.lu\/#\/schema\/logo\/image\/","url":"https:\/\/lmhouse.lu\/wp-content\/uploads\/2020\/02\/IALP-LM-HOUSE-LOGO-1000PX-150123-V1.jpg","contentUrl":"https:\/\/lmhouse.lu\/wp-content\/uploads\/2020\/02\/IALP-LM-HOUSE-LOGO-1000PX-150123-V1.jpg","width":1000,"height":1000,"caption":"LM House Sarl"},"image":{"@id":"https:\/\/lmhouse.lu\/#\/schema\/logo\/image\/"},"sameAs":["https:\/\/www.facebook.com\/lmhouse.lu","https:\/\/www.instagram.com\/lmhouse.lu"]}]}},"_links":{"self":[{"href":"https:\/\/lmhouse.lu\/fr\/wp-json\/wp\/v2\/pages\/7604","targetHints":{"allow":["GET"]}}],"collection":[{"href":"https:\/\/lmhouse.lu\/fr\/wp-json\/wp\/v2\/pages"}],"about":[{"href":"https:\/\/lmhouse.lu\/fr\/wp-json\/wp\/v2\/types\/page"}],"author":[{"embeddable":true,"href":"https:\/\/lmhouse.lu\/fr\/wp-json\/wp\/v2\/users\/2"}],"replies":[{"embeddable":true,"href":"https:\/\/lmhouse.lu\/fr\/wp-json\/wp\/v2\/comments?post=7604"}],"version-history":[{"count":157,"href":"https:\/\/lmhouse.lu\/fr\/wp-json\/wp\/v2\/pages\/7604\/revisions"}],"predecessor-version":[{"id":9772,"href":"https:\/\/lmhouse.lu\/fr\/wp-json\/wp\/v2\/pages\/7604\/revisions\/9772"}],"wp:attachment":[{"href":"https:\/\/lmhouse.lu\/fr\/wp-json\/wp\/v2\/media?parent=7604"}],"curies":[{"name":"wp","href":"https:\/\/api.w.org\/{rel}","templated":true}]}}